{"id":12,"date":"2024-02-09T13:01:15","date_gmt":"2024-02-09T13:01:15","guid":{"rendered":"http:\/\/webek8.fuw.edu.pl\/tcs\/?page_id=12"},"modified":"2026-04-29T19:06:33","modified_gmt":"2026-04-29T19:06:33","slug":"the-trans-carpathian-seminar-on-geometry-physics","status":"publish","type":"page","link":"https:\/\/tcs.fuw.edu.pl\/index.php\/the-trans-carpathian-seminar-on-geometry-physics\/","title":{"rendered":"Current activities"},"content":{"rendered":"\n<hr class=\"wp-block-separator has-alpha-channel-opacity\"\/>\n\n\n\n<p class=\"has-heading-font-family has-large-font-size\"><\/p>\n\n\n\n<p><\/p>\n\n\n\n<h2 class=\"wp-block-heading has-text-align-center\">The upcoming talk<\/h2>\n\n\n\n<hr class=\"wp-block-separator has-alpha-channel-opacity is-style-default\"\/>\n\n\n\n<div style=\"height:20px\" aria-hidden=\"true\" class=\"wp-block-spacer\"><\/div>\n\n\n\n<p class=\"has-text-align-center has-heading-font-family has-large-font-size\"><em>At the next session of the TCS, <\/em><\/p>\n\n\n\n<p class=\"has-text-align-center has-contrast-color has-text-color has-link-color has-heading-font-family has-large-font-size wp-elements-392a371abbc8165bf48a86600ac126f4\"><em>on <strong>the 6<sub><sup>th<\/sup><\/sub> of May 2026<\/strong>,<\/em><\/p>\n\n\n\n<p class=\"has-text-align-center has-contrast-color has-text-color has-link-color has-heading-font-family has-large-font-size wp-elements-ffc91c036b6b8995d190acec2f95ee2f\">at 2:15 &#8211; 4:00 p.m. CET \/ 3:15 &#8211; 5:00 p.m. EET<\/p>\n\n\n\n<p class=\"has-text-align-center has-x-large-font-size\"><strong>\u6c60\u7530\u61b2\u660e<\/strong><\/p>\n\n\n\n<p class=\"has-text-align-center has-heading-font-family\" style=\"font-size:clamp(1.25rem, 1.25rem + ((1vw - 0.2rem) * 1.25), 2rem);font-style:normal;font-weight:700\">(Ike-da <strong><strong>Nori-aki<\/strong><\/strong>)<\/p>\n\n\n\n<p class=\"has-text-align-center has-heading-font-family\" style=\"font-size:clamp(0.984rem, 0.984rem + ((1vw - 0.2rem) * 0.86), 1.5rem);font-style:normal;font-weight:700\"><strong>(<\/strong>Research Institute for Mathematical Sciences, <\/p>\n\n\n\n<p class=\"has-text-align-center has-heading-font-family\" style=\"font-size:clamp(0.984rem, 0.984rem + ((1vw - 0.2rem) * 0.86), 1.5rem);font-style:normal;font-weight:700\">Kyoto University<strong>)<\/strong><\/p>\n\n\n\n<figure class=\"wp-block-image aligncenter size-full is-resized\"><img loading=\"lazy\" decoding=\"async\" width=\"512\" height=\"512\" src=\"http:\/\/tcs.fuw.edu.pl\/wp-content\/uploads\/2026\/04\/Noriaki_Ikeda-1.jpg\" alt=\"\" class=\"wp-image-544\" style=\"width:300px;height:auto\" srcset=\"https:\/\/tcs.fuw.edu.pl\/wp-content\/uploads\/2026\/04\/Noriaki_Ikeda-1.jpg 512w, https:\/\/tcs.fuw.edu.pl\/wp-content\/uploads\/2026\/04\/Noriaki_Ikeda-1-300x300.jpg 300w, https:\/\/tcs.fuw.edu.pl\/wp-content\/uploads\/2026\/04\/Noriaki_Ikeda-1-150x150.jpg 150w\" sizes=\"auto, (max-width: 512px) 100vw, 512px\" \/><\/figure>\n\n\n\n<p class=\"has-text-align-center has-heading-font-family has-large-font-size\"><em>shall talk about<\/em><\/p>\n\n\n\n<p class=\"has-text-align-center has-heading-font-family has-large-font-size\">&#8220;<strong><em>Gauged AKSZ sigma models: Gauging of Poisson sigma models and Courant sigma models<\/em><\/strong>&#8220;.<\/p>\n\n\n\n<p class=\"has-text-align-center has-heading-font-family has-large-font-size\"><\/p>\n\n\n\n<hr class=\"wp-block-separator has-alpha-channel-opacity\"\/>\n\n\n\n<h4 class=\"wp-block-heading has-text-align-center\" style=\"font-style:normal;font-weight:600\">Abstract<\/h4>\n\n\n\n<p class=\"has-heading-font-family\" style=\"font-size:clamp(16.293px, 1.018rem + ((1vw - 3.2px) * 0.907), 25px);font-style:italic;font-weight:400\">We propose a new class of sigma models by gauging of AKSZ sigma models. Analysis is based on graded manifold structures called Q-manifolds. As a typical example, we discuss extensions of Poisson sigma models. By introducing additional gauge symmetries, associated to a Lie groupoid (Lie algebroid) on the target space, Poisson sigma models are extended to gauged sigma models of generalized AKSZ type. The consistency of the theory is ensured by geometric conditions on Lie algebroids such as curvatures and torsions. We also present analysis of models in the presence of boundaries. If we have time, gauging of the Courant sigma model is discussed.<\/p>\n\n\n\n<p class=\"has-heading-font-family\" style=\"font-size:clamp(14px, 0.875rem + ((1vw - 3.2px) * 0.625), 20px);font-style:italic;font-weight:400\">The talk is based on arXiv preprints: 2309.10996 [math.DG] and 2604.23496 [math-ph].<\/p>\n\n\n\n<hr class=\"wp-block-separator has-alpha-channel-opacity\"\/>\n\n\n\n<p>(<strong>All seminar talks are given on the online zoom platform. Unless requested otherwise by the speaker or required by the circumstances, and then <em>specifically indicated<\/em> in the announcement, the talks consist of two halves, 45 minutes each, separated by a 15-minute break. The web link for every session is circulated <em>via<\/em> the TCS mailing list. In order to be enlisted, please contact the Organisers.<\/strong>)<\/p>\n\n\n\n<div style=\"height:30px\" aria-hidden=\"true\" class=\"wp-block-spacer\"><\/div>\n\n\n\n<hr class=\"wp-block-separator has-alpha-channel-opacity is-style-wide\"\/>\n\n\n\n<h2 class=\"wp-block-heading has-text-align-center\">Calendar 2025\/2026<\/h2>\n\n\n\n<hr class=\"wp-block-separator has-alpha-channel-opacity\"\/>\n\n\n\n<div style=\"height:20px\" aria-hidden=\"true\" class=\"wp-block-spacer\"><\/div>\n\n\n\n<p><\/p>\n\n\n\n<hr class=\"wp-block-separator has-alpha-channel-opacity is-style-wide\"\/>\n\n\n\n<div style=\"height:30px\" aria-hidden=\"true\" class=\"wp-block-spacer\"><\/div>\n\n\n\n<figure class=\"wp-block-table has-heading-font-family\"><table><tbody><tr><td class=\"has-text-align-center\" data-align=\"center\"><font size=\"5pt\"><strong>Date<\/strong><\/font><\/td><td class=\"has-text-align-center\" data-align=\"center\"><font size=\"5pt\"><strong>Speaker<\/strong> (affiliation)<\/font><\/td><td class=\"has-text-align-center\" data-align=\"center\"><font size=\"5pt\"><strong><em>Title<\/em><\/strong> (with a link to the slides, whenever available)<\/font><\/td><\/tr><tr><td class=\"has-text-align-center\" data-align=\"center\">October 15<sup>th<\/sup>, 2025<\/td><td class=\"has-text-align-center\" data-align=\"center\">Athanasios Chatzistavrakidis (Ru\u0111er Bo\u0161kovi\u0107 Institute, Zagreb)<\/td><td class=\"has-text-align-center\" data-align=\"center\"><em>Basic curvature tensors in geometry and physics<\/em><\/td><\/tr><tr><td class=\"has-text-align-center\" data-align=\"center\">October 29<sup>th<\/sup>, 2025<\/td><td class=\"has-text-align-center\" data-align=\"center\">Martha Valentina Guar\u00edn Escudero (Charles University, Faculty of Mathematics and Physics, Prague)<\/td><td class=\"has-text-align-center\" data-align=\"center\"><em>Fedosov connections and L<sub>\u221e<\/sub>-algebras associated to dg-manifolds<\/em><\/td><\/tr><tr><td class=\"has-text-align-center\" data-align=\"center\">November 12<sup>th<\/sup>, 2025<\/td><td class=\"has-text-align-center\" data-align=\"center\">Marcin Pi\u0105tek (Instytut Fizyki, Uniwersytet Szczeci\u0144ski)<\/td><td class=\"has-text-align-center\" data-align=\"center\"><em>Geometric Foundations of Celestial Amplitudes<\/em><\/td><\/tr><tr><td class=\"has-text-align-center\" data-align=\"center\">December 3<sup>rd<\/sup>, 2025<\/td><td class=\"has-text-align-center\" data-align=\"center\">Jakub R. Filipek (WFUW, Warszawa)<\/td><td class=\"has-text-align-center\" data-align=\"center\"><em>Twisted Abelian Differential Cohomology and Weakly Abelian Lie Groups<\/em><\/td><\/tr><tr><td class=\"has-text-align-center\" data-align=\"center\">December 17<sup>th<\/sup>, 2025<\/td><td class=\"has-text-align-center\" data-align=\"center\">Rafa\u0142 R. Suszek (KMMF, WFUW)<\/td><td class=\"has-text-align-center\" data-align=\"center\"><em>Stacky Dynamics in the Shadows of Principaloid Bundles<\/em><\/td><\/tr><tr><td class=\"has-text-align-center\" data-align=\"center\">January 13<sup>th<\/sup>, 2026<\/td><td class=\"has-text-align-center\" data-align=\"center\">Nikita Nekrasov (SCGP, Stony Brook, New York)<\/td><td class=\"has-text-align-center\" data-align=\"center\"><em>Geometry of relativistic hydrodynamic<\/em>s <em>I<\/em><\/td><\/tr><tr><td class=\"has-text-align-center\" data-align=\"center\">January 14<sup>th<\/sup>, 2026<\/td><td class=\"has-text-align-center\" data-align=\"center\">Nikita Nekrasov (SCGP, Stony Brook, New York)<\/td><td class=\"has-text-align-center\" data-align=\"center\"><em>Geometry of relativistic hydrodynamic<\/em>s <em>II<\/em><\/td><\/tr><tr><td class=\"has-text-align-center\" data-align=\"center\">February 18<sup>th<\/sup>, 2026<\/td><td class=\"has-text-align-center\" data-align=\"center\">Cristian Ortiz (IME-USP, S\u00e3o Paulo)<\/td><td class=\"has-text-align-center\" data-align=\"center\"><em>Morita equivalence of Lie groupoids<\/em><\/td><\/tr><tr><td class=\"has-text-align-center\" data-align=\"center\">February 25<sup>th<\/sup>, 2026<\/td><td class=\"has-text-align-center\" data-align=\"center\">Miko\u0142aj Korzy\u0144ski (CFT PAN)<\/td><td class=\"has-text-align-center\" data-align=\"center\"><em>Weighing spacetime along the line of sight using<br>times of arrival of electromagnetic signals<\/em><\/td><\/tr><tr><td class=\"has-text-align-center\" data-align=\"center\">April 1<sup>st<\/sup>, 2026<\/td><td class=\"has-text-align-center\" data-align=\"center\">Ga\u00ebtan Borot (Institut f\u00fcr Mathematik, Humboldt-Universit\u00e4t zu Berlin)<\/td><td class=\"has-text-align-center\" data-align=\"center\"><em>Large N expansions for random partitions via Nekrasov equations<\/em><\/td><\/tr><tr><td class=\"has-text-align-center\" data-align=\"center\">May 6<sup>th<\/sup>, 2026<\/td><td class=\"has-text-align-center\" data-align=\"center\">Noriaki Ikeda (Research Institute for Mathematical Sciences, Kyoto University)<\/td><td class=\"has-text-align-center\" data-align=\"center\"><em>Gauged\u00a0AKSZ\u00a0sigma\u00a0models:<br>Gauging\u00a0of\u00a0Poisson\u00a0sigma\u00a0models\u00a0and\u00a0Courant\u00a0sigma\u00a0models<\/em><\/td><\/tr><tr><td class=\"has-text-align-center\" data-align=\"center\">May 20<sup>th<\/sup>, 2026<\/td><td class=\"has-text-align-center\" data-align=\"center\"><\/td><td class=\"has-text-align-center\" data-align=\"center\"><\/td><\/tr><tr><td class=\"has-text-align-center\" data-align=\"center\">June 3<sup>rd<\/sup>, 2026<\/td><td class=\"has-text-align-center\" data-align=\"center\"><\/td><td class=\"has-text-align-center\" data-align=\"center\"><\/td><\/tr><tr><td class=\"has-text-align-center\" data-align=\"center\"><\/td><td class=\"has-text-align-center\" data-align=\"center\"><\/td><td class=\"has-text-align-center\" data-align=\"center\"><\/td><\/tr><tr><td class=\"has-text-align-center\" data-align=\"center\"><\/td><td class=\"has-text-align-center\" data-align=\"center\"><\/td><td class=\"has-text-align-center\" data-align=\"center\"><\/td><\/tr><tr><td class=\"has-text-align-center\" data-align=\"center\"><\/td><td class=\"has-text-align-center\" data-align=\"center\"><\/td><td class=\"has-text-align-center\" data-align=\"center\"><\/td><\/tr><tr><td class=\"has-text-align-center\" data-align=\"center\"><\/td><td class=\"has-text-align-center\" data-align=\"center\"><\/td><td class=\"has-text-align-center\" data-align=\"center\"><\/td><\/tr><tr><td class=\"has-text-align-center\" data-align=\"center\"><\/td><td class=\"has-text-align-center\" data-align=\"center\"><\/td><td class=\"has-text-align-center\" data-align=\"center\"><\/td><\/tr><tr><td class=\"has-text-align-center\" data-align=\"center\"><\/td><td class=\"has-text-align-center\" data-align=\"center\"><\/td><td class=\"has-text-align-center\" data-align=\"center\"><\/td><\/tr><tr><td class=\"has-text-align-center\" data-align=\"center\"><\/td><td class=\"has-text-align-center\" data-align=\"center\"><\/td><td class=\"has-text-align-center\" data-align=\"center\"><\/td><\/tr><tr><td class=\"has-text-align-center\" data-align=\"center\"><\/td><td class=\"has-text-align-center\" data-align=\"center\"><\/td><td class=\"has-text-align-center\" data-align=\"center\"><\/td><\/tr><tr><td class=\"has-text-align-center\" data-align=\"center\"><\/td><td class=\"has-text-align-center\" data-align=\"center\"><\/td><td class=\"has-text-align-center\" data-align=\"center\"><\/td><\/tr><tr><td class=\"has-text-align-center\" data-align=\"center\"><\/td><td class=\"has-text-align-center\" data-align=\"center\"><\/td><td class=\"has-text-align-center\" data-align=\"center\"><\/td><\/tr><tr><td class=\"has-text-align-center\" data-align=\"center\"><\/td><td class=\"has-text-align-center\" data-align=\"center\"><\/td><td class=\"has-text-align-center\" data-align=\"center\"><\/td><\/tr><tr><td class=\"has-text-align-center\" data-align=\"center\"><\/td><td class=\"has-text-align-center\" data-align=\"center\"><\/td><td class=\"has-text-align-center\" data-align=\"center\"><\/td><\/tr><tr><td class=\"has-text-align-center\" data-align=\"center\"><\/td><td class=\"has-text-align-center\" data-align=\"center\"><\/td><td class=\"has-text-align-center\" data-align=\"center\"><\/td><\/tr><tr><td class=\"has-text-align-center\" data-align=\"center\"><\/td><td class=\"has-text-align-center\" data-align=\"center\"><\/td><td class=\"has-text-align-center\" data-align=\"center\"><\/td><\/tr><tr><td class=\"has-text-align-center\" data-align=\"center\"><\/td><td class=\"has-text-align-center\" data-align=\"center\"><\/td><td class=\"has-text-align-center\" data-align=\"center\"><\/td><\/tr><\/tbody><\/table><\/figure>\n\n\n\n<div style=\"height:30px\" aria-hidden=\"true\" class=\"wp-block-spacer\"><\/div>\n\n\n\n<h2 class=\"wp-block-heading has-text-align-center\">Other events<\/h2>\n\n\n\n<hr class=\"wp-block-separator has-alpha-channel-opacity\"\/>\n\n\n\n<div style=\"height:30px\" aria-hidden=\"true\" class=\"wp-block-spacer\"><\/div>\n\n\n\n<p><\/p>\n","protected":false},"excerpt":{"rendered":"<p>The upcoming talk At the next session of the TCS, on the 6th of May 2026, at 2:15 &#8211; 4:00 p.m. CET \/ 3:15 &#8211; 5:00 p.m. EET \u6c60\u7530\u61b2\u660e (Ike-da Nori-aki) (Research Institute for Mathematical Sciences, Kyoto University) shall talk about &#8220;Gauged AKSZ sigma models: Gauging of Poisson sigma models and Courant sigma models&#8220;. Abstract [&hellip;]<\/p>\n","protected":false},"author":1,"featured_media":0,"parent":0,"menu_order":0,"comment_status":"closed","ping_status":"closed","template":"","meta":{"footnotes":""},"class_list":["post-12","page","type-page","status-publish","hentry"],"_links":{"self":[{"href":"https:\/\/tcs.fuw.edu.pl\/index.php\/wp-json\/wp\/v2\/pages\/12","targetHints":{"allow":["GET"]}}],"collection":[{"href":"https:\/\/tcs.fuw.edu.pl\/index.php\/wp-json\/wp\/v2\/pages"}],"about":[{"href":"https:\/\/tcs.fuw.edu.pl\/index.php\/wp-json\/wp\/v2\/types\/page"}],"author":[{"embeddable":true,"href":"https:\/\/tcs.fuw.edu.pl\/index.php\/wp-json\/wp\/v2\/users\/1"}],"replies":[{"embeddable":true,"href":"https:\/\/tcs.fuw.edu.pl\/index.php\/wp-json\/wp\/v2\/comments?post=12"}],"version-history":[{"count":183,"href":"https:\/\/tcs.fuw.edu.pl\/index.php\/wp-json\/wp\/v2\/pages\/12\/revisions"}],"predecessor-version":[{"id":546,"href":"https:\/\/tcs.fuw.edu.pl\/index.php\/wp-json\/wp\/v2\/pages\/12\/revisions\/546"}],"wp:attachment":[{"href":"https:\/\/tcs.fuw.edu.pl\/index.php\/wp-json\/wp\/v2\/media?parent=12"}],"curies":[{"name":"wp","href":"https:\/\/api.w.org\/{rel}","templated":true}]}}